{"id":109,"date":"2015-05-19T03:09:30","date_gmt":"2015-05-19T02:09:30","guid":{"rendered":"http:\/\/localhost\/audioconseil\/?page_id=109"},"modified":"2016-11-01T22:07:35","modified_gmt":"2016-11-02T02:07:35","slug":"la-direction","status":"publish","type":"page","link":"http:\/\/audioconseil.qc.ca\/index.php\/la-direction\/","title":{"rendered":"La direction"},"content":{"rendered":"<p style=\"text-align: center;\"><strong>Piedad Franco, M.<span id=\"yui_3_16_0_1_1440642612394_2395\">P.A<\/span>.<\/strong><\/p>\n<p style=\"text-align: center;\"><img loading=\"lazy\" decoding=\"async\" class=\"aligncenter wp-image-111\" src=\"http:\/\/audioconseil.qc.ca\/wp-content\/uploads\/2015\/08\/Piedad-249x300.jpg\" alt=\"Piedad Franco\" width=\"139\" height=\"167\" srcset=\"http:\/\/audioconseil.qc.ca\/wp-content\/uploads\/2015\/08\/Piedad-249x300.jpg 249w, http:\/\/audioconseil.qc.ca\/wp-content\/uploads\/2015\/08\/Piedad.jpg 566w\" sizes=\"auto, (max-width: 139px) 100vw, 139px\" \/><\/p>\n<p><strong>Expertises audiologiques particuli\u00e8res :<\/strong><\/p>\n<ul>\n<li>\u00c9valuation audiologique p\u00e9diatrique et adulte<\/li>\n<li>Enfants pr\u00e9sentant une d\u00e9ficience intellectuelle et des difficult\u00e9s d&rsquo;apprentissage<\/li>\n<li>Gestion d\u2019un programme de d\u00e9pistage n\u00e9onatal universel de surdit\u00e9 en centre hospitalier<\/li>\n<li>Appareillage auditif<\/li>\n<\/ul>\n<p><strong>Implication\u00a0:<\/strong><\/p>\n<ul>\n<li>Membre de l&rsquo;Ordre des Orthophonistes et Audiologistes du Qu\u00e9bec (O.O.A.Q)<\/li>\n<\/ul>\n<p><strong>Exp\u00e9rience professionnelle\u00a0:<\/strong><\/p>\n<ul>\n<li>Cl\u00ednica El Country et Cl\u00ednica de la Mujer, Bogota Colombie<\/li>\n<li>Hospital de La Misericordia, Bogota Colombie<\/li>\n<li>H\u00f4pital Rivi\u00e8re-des-Prairies<\/li>\n<li>H\u00f4pital Royal-Victoria<\/li>\n<li>Centre mont\u00e9r\u00e9gien de r\u00e9adaptation<\/li>\n<li>Propri\u00e9taire d&rsquo;<strong>Audio Conseil<\/strong><\/li>\n<\/ul>\n<hr \/>\n<p>&nbsp;<\/p>\n<h4 style=\"text-align: center;\"><\/h4>\n","protected":false},"excerpt":{"rendered":"<p>Piedad Franco, M.P.A. Expertises audiologiques particuli\u00e8res : \u00c9valuation audiologique p\u00e9diatrique et adulte Enfants pr\u00e9sentant une d\u00e9ficience intellectuelle et des difficult\u00e9s d&rsquo;apprentissage Gestion d\u2019un programme de d\u00e9pistage n\u00e9onatal universel de surdit\u00e9 en centre hospitalier Appareillage auditif Implication\u00a0: Membre de l&rsquo;Ordre des Orthophonistes et Audiologistes du Qu\u00e9bec (O.O.A.Q) Exp\u00e9rience professionnelle\u00a0: Cl\u00ednica El Country et Cl\u00ednica de la &hellip; <a href=\"http:\/\/audioconseil.qc.ca\/index.php\/la-direction\/\" class=\"more-link\">Continuer la lecture de <span class=\"screen-reader-text\">La direction<\/span>  <span class=\"meta-nav\">&rarr;<\/span><\/a><\/p>\n","protected":false},"author":2,"featured_media":0,"parent":0,"menu_order":4,"comment_status":"closed","ping_status":"closed","template":"","meta":{"footnotes":""},"class_list":["post-109","page","type-page","status-publish","hentry"],"_links":{"self":[{"href":"http:\/\/audioconseil.qc.ca\/index.php\/wp-json\/wp\/v2\/pages\/109","targetHints":{"allow":["GET"]}}],"collection":[{"href":"http:\/\/audioconseil.qc.ca\/index.php\/wp-json\/wp\/v2\/pages"}],"about":[{"href":"http:\/\/audioconseil.qc.ca\/index.php\/wp-json\/wp\/v2\/types\/page"}],"author":[{"embeddable":true,"href":"http:\/\/audioconseil.qc.ca\/index.php\/wp-json\/wp\/v2\/users\/2"}],"replies":[{"embeddable":true,"href":"http:\/\/audioconseil.qc.ca\/index.php\/wp-json\/wp\/v2\/comments?post=109"}],"version-history":[{"count":5,"href":"http:\/\/audioconseil.qc.ca\/index.php\/wp-json\/wp\/v2\/pages\/109\/revisions"}],"predecessor-version":[{"id":163,"href":"http:\/\/audioconseil.qc.ca\/index.php\/wp-json\/wp\/v2\/pages\/109\/revisions\/163"}],"wp:attachment":[{"href":"http:\/\/audioconseil.qc.ca\/index.php\/wp-json\/wp\/v2\/media?parent=109"}],"curies":[{"name":"wp","href":"https:\/\/api.w.org\/{rel}","templated":true}]}}