{"id":16,"date":"2015-05-08T16:23:33","date_gmt":"2015-05-08T20:23:33","guid":{"rendered":"http:\/\/localhost\/audioconseil\/?page_id=16"},"modified":"2019-10-19T11:04:14","modified_gmt":"2019-10-19T15:04:14","slug":"tarifs","status":"publish","type":"page","link":"http:\/\/audioconseil.qc.ca\/index.php\/tarifs\/","title":{"rendered":"Tarifs"},"content":{"rendered":"<h1>Grille tarifaire<\/h1>\n<table width=\"90%\">\n<tbody>\n<tr>\n<td width=\"56%\">\n<h2>EXPERTISE<\/h2>\n<\/td>\n<td width=\"44%\">\n<h2>TARIF<\/h2>\n<\/td>\n<\/tr>\n<tr>\n<td width=\"56%\">\u00c9valuation\u00a0 pour les plus de 5 ans ou r\u00e9adaptation auditive<\/td>\n<td width=\"44%\">80 $ (1 heure)<\/td>\n<\/tr>\n<tr>\n<td width=\"56%\">\u00c9valuation p\u00e9diatrique<\/td>\n<td width=\"44%\">100 $ (1 heure)<\/td>\n<\/tr>\n<tr>\n<td width=\"56%\">\u00c9valuation des probl\u00e8mes de traitements auditifs<\/td>\n<td width=\"44%\">350$ (3.5 heures)<\/td>\n<\/tr>\n<tr>\n<td width=\"56%\">Imp\u00e9dancem\u00e9trie<\/td>\n<td width=\"44%\">25$ (15 minutes)<\/td>\n<\/tr>\n<tr>\n<td width=\"56%\">\u00c9valuation CSST, SAAQ, IVAC ou Anciens Combattants<\/td>\n<td width=\"44%\">selon les tarifs en vigueur (1 heure)<\/td>\n<\/tr>\n<tr>\n<td width=\"56%\">\u00c9valuation acouph\u00e8ne ou intol\u00e9rance au son<\/td>\n<td width=\"44%\">350$ (3.5 heures)<\/td>\n<\/tr>\n<tr>\n<td width=\"56%\">\u00c9valuation \u00e0 domicile pour les personnes de plus de 5 ans<\/td>\n<td width=\"44%\">115$ + frais de transport, (1$ par KM \u00e0 partir du pont de service le plus proche de chez-vous).<\/td>\n<\/tr>\n<tr>\n<td width=\"56%\">\u00c9valuation vestibulaire (\u00c9quilibre-Vertiges-\u00c9tourdissements)<\/td>\n<td width=\"44%\">225$<\/td>\n<\/tr>\n<tr>\n<td width=\"56%\">Traitement vestibulaire (\u00c9quilibre-Vertiges-\u00c9tourdissements)<\/td>\n<td width=\"44%\">75 $ la s\u00e9ance<\/td>\n<\/tr>\n<\/tbody>\n<\/table>\n<p>Tous les tarifs comprennent la r\u00e9daction du rapport et les d\u00e9marches \u00e0 faire par le professionnel qui s&rsquo;occupe de votre dossier.<\/p>\n<p>Un re\u00e7u officiel pour assurances ou imp\u00f4ts est remis.<\/p>\n<p>Prix sujets \u00e0 changement sans pr\u00e9avis.<\/p>\n","protected":false},"excerpt":{"rendered":"<p>Grille tarifaire EXPERTISE TARIF \u00c9valuation\u00a0 pour les plus de 5 ans ou r\u00e9adaptation auditive 80 $ (1 heure) \u00c9valuation p\u00e9diatrique 100 $ (1 heure) \u00c9valuation des probl\u00e8mes de traitements auditifs 350$ (3.5 heures) Imp\u00e9dancem\u00e9trie 25$ (15 minutes) \u00c9valuation CSST, SAAQ, IVAC ou Anciens Combattants selon les tarifs en vigueur (1 heure) \u00c9valuation acouph\u00e8ne ou intol\u00e9rance &hellip; <a href=\"http:\/\/audioconseil.qc.ca\/index.php\/tarifs\/\" class=\"more-link\">Continuer la lecture de <span class=\"screen-reader-text\">Tarifs<\/span>  <span class=\"meta-nav\">&rarr;<\/span><\/a><\/p>\n","protected":false},"author":2,"featured_media":0,"parent":0,"menu_order":3,"comment_status":"closed","ping_status":"closed","template":"","meta":{"footnotes":""},"class_list":["post-16","page","type-page","status-publish","hentry"],"_links":{"self":[{"href":"http:\/\/audioconseil.qc.ca\/index.php\/wp-json\/wp\/v2\/pages\/16","targetHints":{"allow":["GET"]}}],"collection":[{"href":"http:\/\/audioconseil.qc.ca\/index.php\/wp-json\/wp\/v2\/pages"}],"about":[{"href":"http:\/\/audioconseil.qc.ca\/index.php\/wp-json\/wp\/v2\/types\/page"}],"author":[{"embeddable":true,"href":"http:\/\/audioconseil.qc.ca\/index.php\/wp-json\/wp\/v2\/users\/2"}],"replies":[{"embeddable":true,"href":"http:\/\/audioconseil.qc.ca\/index.php\/wp-json\/wp\/v2\/comments?post=16"}],"version-history":[{"count":2,"href":"http:\/\/audioconseil.qc.ca\/index.php\/wp-json\/wp\/v2\/pages\/16\/revisions"}],"predecessor-version":[{"id":175,"href":"http:\/\/audioconseil.qc.ca\/index.php\/wp-json\/wp\/v2\/pages\/16\/revisions\/175"}],"wp:attachment":[{"href":"http:\/\/audioconseil.qc.ca\/index.php\/wp-json\/wp\/v2\/media?parent=16"}],"curies":[{"name":"wp","href":"https:\/\/api.w.org\/{rel}","templated":true}]}}