{"id":25,"date":"2015-05-08T16:34:33","date_gmt":"2015-05-08T20:34:33","guid":{"rendered":"http:\/\/localhost\/audioconseil\/?page_id=25"},"modified":"2015-08-24T22:39:54","modified_gmt":"2015-08-25T02:39:54","slug":"audition-centrale","status":"publish","type":"page","link":"http:\/\/audioconseil.qc.ca\/index.php\/nos-services\/audition-centrale\/","title":{"rendered":"Audition centrale"},"content":{"rendered":"<h1>L&rsquo;audition centrale ou le traitement auditif<\/h1>\n<p>On entend souvent parler de la surdit\u00e9 et de maux d&rsquo;oreille. Toutefois, on mentionne moins souvent les probl\u00e8mes d&rsquo;audition reli\u00e9s \u00e0 un mauvais traitement de l&rsquo;information auditive.<\/p>\n<h2>Qu&rsquo;est-ce qu&rsquo;un probl\u00e8me d&rsquo;audition centrale ou de traitement auditif?<\/h2>\n<p>Pour les cliniciens et les chercheurs, un probl\u00e8me de traitement auditif r\u00e9sulte d&rsquo;une dysfonction des processus et m\u00e9canismes d\u00e9di\u00e9s \u00e0 l&rsquo;audition. Une nouvelle d\u00e9finition de l&rsquo;Ordre des Orthophonistes et Audiologistes du Qu\u00e9bec disponible depuis juin 2006 indique que le trouble de traitement auditif (TTA) est une limitation persistante des capacit\u00e9s alt\u00e9rant la performance dans le traitement du signal acoustique qui ne s\u2019explique pas uniquement par une atteinte de la sensibilit\u00e9 auditive. Un trouble de traitement auditif d\u00e9signe, par exemple, un ensemble de limitations de la performance au plan de la perception d\u2019un signal dans le bruit, de la lat\u00e9ralisation, de la localisation, de la discrimination auditive, de l\u2019identification de patrons auditifs et de l\u2019organisation s\u00e9quentielle. La personne entend bien les sons doux mais c&rsquo;est le passage et le traitement du son dans les voies auditives qui causent un probl\u00e8me.<\/p>\n<h2>Quelles sont les habilet\u00e9s auditives impliqu\u00e9es dans le traitement auditif de l&rsquo;information?<\/h2>\n<h3>Discrimination auditive :<\/h3>\n<p>Capacit\u00e9 \u00e0 percevoir une diff\u00e9rence entre deux stimuli sonores (Leroux et al. 1993). Les stimuli peuvent \u00eatre des sons non verbaux (ex. : environnementaux), des phon\u00e8mes (consonnes, voyelles) ou des mots (Rampp, 1980).<\/p>\n<h3>Identification de patrons auditifs (Temporal patterning) :<\/h3>\n<p>Capacit\u00e9 \u00e0 percevoir des changements dans les contours des signaux acoustiques (Mendel et al. 1999).<\/p>\n<h3>Int\u00e9gration (sommation) temporelle :<\/h3>\n<p>Capacit\u00e9 \u00e0 d\u00e9tecter un son gr\u00e2ce \u00e0 la sommation de l\u2019\u00e9nergie dans le nerf auditif (Comit\u00e9 ad hoc OOAQ, 2006).<\/p>\n<h3>Lat\u00e9ralisation auditive :<\/h3>\n<p>Capacit\u00e9 de situer \u00e0 l\u2019int\u00e9rieur de la t\u00eate des stimuli sonores pr\u00e9sent\u00e9s sous \u00e9couteurs (Leroux et al. 1993).<\/p>\n<h3>Localisation auditive :<\/h3>\n<p>Capacit\u00e9 \u00e0 situer dans l\u2019espace la provenance d\u2019un stimulus sonore (Leroux et al. 1993).<\/p>\n<h3>Masquage temporel :<\/h3>\n<p>Ph\u00e9nom\u00e8ne acoustique par lequel un son est rendu inaudible par un son qui le pr\u00e9c\u00e8de, le succ\u00e8de ou qui est pr\u00e9sent\u00e9 simultan\u00e9ment (Comit\u00e9 ad hoc OOAQ, 2006).<\/p>\n<h3>R\u00e9solution temporelle :<\/h3>\n<p>Habilet\u00e9 \u00e0 percevoir des segments sonores pr\u00e9sent\u00e9s successivement tr\u00e8s pr\u00e8s dans le temps comme \u00e9tant des \u00e9v\u00e8nements distincts (adapt\u00e9 de Stack, 1997) (ex. capacit\u00e9 \u00e0 percevoir un intervalle entre deux sons).<\/p>\n<h3>Organisation s\u00e9quentielle auditive :<\/h3>\n<p>Capacit\u00e9 \u00e0 conserver dans l\u2019ordre appropri\u00e9 l\u2019empreinte laiss\u00e9e par une suite de stimuli sonores (Leroux et al. 1993).<\/p>\n<p>Les autres fonctions mentales telles que l\u2019attention, la m\u00e9moire, le langage et les limitations d\u2019activit\u00e9s pouvant y \u00eatre associ\u00e9es sont exclues de la d\u00e9finition du TTA. Les difficult\u00e9s que rencontre un enfant dans l&rsquo;ex\u00e9cution de certaines activit\u00e9s auditives peuvent s\u2019expliquer par une limitation des fonctions mentales, perceptuelles ou sensorielles. Par exemple, les troubles de l\u2019attention, du langage oral et \u00e9crit, les troubles des fonctions intellectuelles, les troubles de la fonction psychosociale, les troubles du temp\u00e9rament et de la personnalit\u00e9 et les troubles de la motivation comptent parmi les limitations qui peuvent entra\u00eener des restrictions \u00e0 l\u2019ex\u00e9cution des activit\u00e9s auditives. Par cons\u00e9quent, la r\u00e9duction observ\u00e9e \u00e0 certaines performances requ\u00e9rant l\u2019audition, n\u2019est pas forc\u00e9ment associ\u00e9e \u00e0 une limitation des capacit\u00e9s auditives. Finalement, certaines activit\u00e9s, telles que l\u2019apprentissage, peuvent pr\u00e9senter des limitations qui peuvent \u00eatre reli\u00e9es ou non \u00e0 des restrictions \u00e0 l\u2019ex\u00e9cution des activit\u00e9s auditives.<\/p>\n<h2>Quelles sont les manifestations observables?<\/h2>\n<ul>\n<li>Difficult\u00e9s avec la s\u00e9quence des consignes<\/li>\n<li>Difficult\u00e9s avec la s\u00e9quence des sons<\/li>\n<li>Difficult\u00e9s d\u2019organisation dans les t\u00e2ches<\/li>\n<li>Difficult\u00e9s avec la parole rapide<\/li>\n<li>Difficult\u00e9s dans la compr\u00e9hension de consignes<\/li>\n<li>Difficult\u00e9s \u00e0 saisir le sens d\u2019une phrase avec l\u2019intonation<\/li>\n<li>Difficult\u00e9s dans les cours de musique<\/li>\n<li>Difficult\u00e9s \u00e0 l\u2019\u00e9cole et\/ou \u00e0 la maison dans la compr\u00e9hension des consignes dans le bruit<\/li>\n<li>Difficult\u00e9s \u00e0 l\u2019\u00e9crit, confusions de sons<\/li>\n<li>Difficult\u00e9s dans les t\u00e2ches demandant le transfert d\u2019information d\u2019une modalit\u00e9 \u00e0 une autre (prendre des notes, mettre des mots sur des sons, etc.)<\/li>\n<\/ul>\n<h2>Qu&rsquo;est-ce qui cause un probl\u00e8me de traitement auditif?<\/h2>\n<p>Dans la litt\u00e9rature, on retrouve principalement 3 causes :<\/p>\n<ol>\n<li>Retard de maturation du syst\u00e8me nerveux auditif central; maturation du cerveau possible jusqu&rsquo;\u00e0 l&rsquo;\u00e2ge de 14 ans.<\/li>\n<li>Atteinte neurologique diffuse ou localis\u00e9e (ex. traumatisme cr\u00e2nien); atteinte permanente mais soumise \u00e0 la plasticit\u00e9 du syst\u00e8me nerveux.<\/li>\n<li>Atteinte d\u00e9veloppementale (ex: dysphasie). Notez toutefois que l&rsquo;anatomie et la physiologie de l&rsquo;audition centrale demeurent complexes et encore m\u00e9connues.<\/li>\n<\/ol>\n<h2 align=\"left\">En quoi consiste l&rsquo;\u00e9valuation?<\/h2>\n<p align=\"left\">On doit d&rsquo;abord faire une \u00e9valuation de l&rsquo;audition p\u00e9riph\u00e9rique (audiogramme) afin de v\u00e9rifier si l&rsquo;enfant \u00ab\u00a0entend bien\u00a0\u00bb. Par la suite et souvent lors d&rsquo;une deuxi\u00e8me rencontre, nous proc\u00e9dons alors \u00e0 la passation des \u00e9preuves, selon les difficult\u00e9s observ\u00e9es et l&rsquo;\u00e2ge de l&rsquo;enfant.<\/p>\n<h2>Mon enfant prend du Ritalin ou un autre psychostimulant. Doit-il \u00eatre sous m\u00e9dication pour les \u00e9valuations?<\/h2>\n<p>Il est pr\u00e9f\u00e9rable d&rsquo;\u00e9valuer les habilet\u00e9s auditives de votre enfant telles que repr\u00e9sent\u00e9es en classe. Ainsi, nous pourrons alors, plus justement, tenter de g\u00e9n\u00e9raliser les r\u00e9sultats obtenus avec son plein \u00a0\u00bb potentiel auditif \u00a0\u00bb en classe.\u00a0 Nous recommandons donc de s&rsquo;assurer que, s&rsquo;il y a lieu,\u00a0 la m\u00e9dication de l&rsquo;enfant soit prise de fa\u00e7on \u00e0 \u00eatre efficace au moment de la rencontre.<\/p>\n<h2>Un audiogramme pass\u00e9 dans une autre clinique peut-il servir?<\/h2>\n<p>Nous ne pourrons pas nous en servir m\u00eame s&rsquo;il est pass\u00e9 la veille car il faut ajuster finement les niveaux sonores pour les \u00e9preuves auditives en fonction de la sensibilit\u00e9 actuelle de votre enfant (une congestion d\u2019oreille est si vite arriv\u00e9e et cela modifie les r\u00e9sultats). Toutefois, nous appr\u00e9cions que vous nous donniez des photocopies des \u00e9valuations audiologiques ant\u00e9rieures afin de documenter sa sant\u00e9 auditive.<\/p>\n<h2>Qui peut passer ces \u00e9valuations?<\/h2>\n<p>On poss\u00e8de des \u00e9preuves standardis\u00e9es en franco-qu\u00e9b\u00e9cois pour l&rsquo;enfant de 7 ans et plus. En effet, les normes, les consignes et les t\u00e2ches demand\u00e9es \u00e0 l&rsquo;enfant ne permettent pas d&rsquo;effectuer l&rsquo;\u00e9valuation avant cet \u00e2ge.\u00a0 Il ne nous est donc pas possible, pour le moment, de rencontrer les enfants de moins de 7 ans, dans le cadre de ces \u00e9valuations.<\/p>\n<h2>Quels sont les services disponibles \u00e0 Audio Conseil?<\/h2>\n<p>Nous offrons l&rsquo;\u00e9valuation de l&rsquo;audition p\u00e9riph\u00e9rique et de l&rsquo;audition centrale. L&rsquo;audiologiste soutiendra \u00e9galement les parents en ce qui concerne le suivi des recommandations formul\u00e9es dans le rapport d&rsquo;\u00e9valuation (exemple d&rsquo;une recommandation: modification des conditions acoustiques de la classe).\u00a0 Enfin, il est aussi possible que l&rsquo;audiologiste collabore avec les intervenants scolaires afin de favoriser une int\u00e9gration scolaire r\u00e9ussie.<\/p>\n<h2>Y a-t-il de l&rsquo;attente?<\/h2>\n<p>Peu. C&rsquo;est un des nombreux avantages de choisir l&rsquo;\u00e9quipe d&rsquo;Audio Conseil. Vous pouvez compter un maximum de 1 mois avant l&rsquo;obtention d&rsquo;une rencontre.<\/p>\n<h2>L&rsquo;\u00e9valuation peut-elle \u00eatre couverte par une assurance?<\/h2>\n<p>La plupart des polices d&rsquo;assurance ne mentionne pas les \u00e9valuations de l&rsquo;audition centrale. Cependant, elles couvrent fr\u00e9quemment l&rsquo;\u00e9valuation effectu\u00e9e par un audiologiste qu&rsquo;elle soit de type p\u00e9riph\u00e9rique (souvent appel\u00e9e audiogramme) ou central.<\/p>\n<h2>Y a-t-il des frais encourus?<\/h2>\n<p>Il vous en co\u00fbtera 350 $ pour l&rsquo;\u00e9valuation p\u00e9riph\u00e9rique, centrale et la production d&rsquo;un rapport.<\/p>\n<p>Pour plus d&rsquo;information, vous pouvez consulter l&rsquo;article du <a href=\"http:\/\/www.fmoq.org\/Documents\/MedecinDuQuebec\/octobre-2001\/043-048Blais1001.pdf\"> M\u00e9decin du Qu\u00e9bec<\/a> (Reproduction autoris\u00e9e)<\/p>\n<p>Vous avez pris un rendez-vous? Veuillez alors remplir les deux sections de notre <a href=\"http:\/\/audioconseil.qc.ca\/wp-content\/uploads\/2015\/08\/Questionnaires.pdf\">questionnaire<\/a>; assurez-vous qu&rsquo;ils soient remplis \u00e0 l&rsquo;encre bleue et remis \u00e0 l&rsquo;audiologiste lors de la rencontre.<\/p>\n","protected":false},"excerpt":{"rendered":"<p>L&rsquo;audition centrale ou le traitement auditif On entend souvent parler de la surdit\u00e9 et de maux d&rsquo;oreille. Toutefois, on mentionne moins souvent les probl\u00e8mes d&rsquo;audition reli\u00e9s \u00e0 un mauvais traitement de l&rsquo;information auditive. Qu&rsquo;est-ce qu&rsquo;un probl\u00e8me d&rsquo;audition centrale ou de traitement auditif? Pour les cliniciens et les chercheurs, un probl\u00e8me de traitement auditif r\u00e9sulte d&rsquo;une &hellip; <a href=\"http:\/\/audioconseil.qc.ca\/index.php\/nos-services\/audition-centrale\/\" class=\"more-link\">Continuer la lecture de <span class=\"screen-reader-text\">Audition centrale<\/span>  <span class=\"meta-nav\">&rarr;<\/span><\/a><\/p>\n","protected":false},"author":2,"featured_media":0,"parent":10,"menu_order":2,"comment_status":"closed","ping_status":"closed","template":"","meta":{"footnotes":""},"class_list":["post-25","page","type-page","status-publish","hentry"],"_links":{"self":[{"href":"http:\/\/audioconseil.qc.ca\/index.php\/wp-json\/wp\/v2\/pages\/25","targetHints":{"allow":["GET"]}}],"collection":[{"href":"http:\/\/audioconseil.qc.ca\/index.php\/wp-json\/wp\/v2\/pages"}],"about":[{"href":"http:\/\/audioconseil.qc.ca\/index.php\/wp-json\/wp\/v2\/types\/page"}],"author":[{"embeddable":true,"href":"http:\/\/audioconseil.qc.ca\/index.php\/wp-json\/wp\/v2\/users\/2"}],"replies":[{"embeddable":true,"href":"http:\/\/audioconseil.qc.ca\/index.php\/wp-json\/wp\/v2\/comments?post=25"}],"version-history":[{"count":2,"href":"http:\/\/audioconseil.qc.ca\/index.php\/wp-json\/wp\/v2\/pages\/25\/revisions"}],"predecessor-version":[{"id":142,"href":"http:\/\/audioconseil.qc.ca\/index.php\/wp-json\/wp\/v2\/pages\/25\/revisions\/142"}],"up":[{"embeddable":true,"href":"http:\/\/audioconseil.qc.ca\/index.php\/wp-json\/wp\/v2\/pages\/10"}],"wp:attachment":[{"href":"http:\/\/audioconseil.qc.ca\/index.php\/wp-json\/wp\/v2\/media?parent=25"}],"curies":[{"name":"wp","href":"https:\/\/api.w.org\/{rel}","templated":true}]}}