{"id":31,"date":"2015-05-08T16:36:35","date_gmt":"2015-05-08T20:36:35","guid":{"rendered":"http:\/\/localhost\/audioconseil\/?page_id=31"},"modified":"2015-08-24T22:22:56","modified_gmt":"2015-08-25T02:22:56","slug":"mobile","status":"publish","type":"page","link":"http:\/\/audioconseil.qc.ca\/index.php\/nos-services\/mobile\/","title":{"rendered":"Mobile"},"content":{"rendered":"<h1>La pratique mobile<\/h1>\n<p>Audio Conseil vous propose un concept souple de services audiologiques s&rsquo;adressant sp\u00e9cifiquement aux besoins ponctuels des institutions. Par l&rsquo;entremise de ce volet, nous mettons \u00e0 la disposition des \u00e9tablissements de la sant\u00e9 une \u00e9quipe d&rsquo;audiologistes pouvant oeuvrer dans tous les domaines d&rsquo;expertise audiologique (mesure de l&rsquo;audition, \u00e9lectrophysiologie, expertise audiologique pour la CSST, r\u00e9adaptation auditive&#8230;). Ainsi, sous la forme de contrat de services, les audiologistes d&rsquo;Audio Conseil pourront remplir les besoins audiologiques pour une p\u00e9riode d\u00e9sir\u00e9e.<\/p>\n<h2 dir=\"ltr\">\u00c0 QUI S&rsquo;ADRESSE CE SERVICE?<\/h2>\n<ul>\n<li>Aux \u00e9tablissements offrant un service d&rsquo;audiologie qui subit une p\u00e9nurie temporaire de main-d&rsquo;\u0153uvre (effectifs non combl\u00e9s, remplacement de professionnels en cong\u00e9 temporaire, besoin d&rsquo;une expertise non disponible sur les lieux&#8230;).<\/li>\n<li>Aux institutions de sant\u00e9 en p\u00e9riph\u00e9rie des grands centres ainsi qu&rsquo;aux \u00e9tablissements des centres urbains pr\u00e9sentant des besoins sp\u00e9cifiques.<\/li>\n<\/ul>\n<h2>POURQUOI UTILISER CE SERVICE?<\/h2>\n<ul>\n<li>Constitue un outil polyvalent incontournable \u00e0 tout gestionnaire de services de soins.<\/li>\n<li>Permet d&rsquo;offrir une continuit\u00e9 dans les soins \u00e0 la population desservie.<\/li>\n<li>\u00c9vite les proc\u00e9dures co\u00fbteuses en argent et en temps d&#8217;embauche d&rsquo;un(e) professionnel temporaire (publicit\u00e9, entrevue, s\u00e9lection, embauche, entra\u00eenement&#8230;).<\/li>\n<\/ul>\n<p><a href=\"http:\/\/audioconseil.qc.ca\/index.php\/coordonnees\/\">Contactez-nous<\/a> pour plus d&rsquo;information.<\/p>\n","protected":false},"excerpt":{"rendered":"<p>La pratique mobile Audio Conseil vous propose un concept souple de services audiologiques s&rsquo;adressant sp\u00e9cifiquement aux besoins ponctuels des institutions. Par l&rsquo;entremise de ce volet, nous mettons \u00e0 la disposition des \u00e9tablissements de la sant\u00e9 une \u00e9quipe d&rsquo;audiologistes pouvant oeuvrer dans tous les domaines d&rsquo;expertise audiologique (mesure de l&rsquo;audition, \u00e9lectrophysiologie, expertise audiologique pour la CSST, &hellip; <a href=\"http:\/\/audioconseil.qc.ca\/index.php\/nos-services\/mobile\/\" class=\"more-link\">Continuer la lecture de <span class=\"screen-reader-text\">Mobile<\/span>  <span class=\"meta-nav\">&rarr;<\/span><\/a><\/p>\n","protected":false},"author":2,"featured_media":0,"parent":10,"menu_order":5,"comment_status":"closed","ping_status":"closed","template":"","meta":{"footnotes":""},"class_list":["post-31","page","type-page","status-publish","hentry"],"_links":{"self":[{"href":"http:\/\/audioconseil.qc.ca\/index.php\/wp-json\/wp\/v2\/pages\/31","targetHints":{"allow":["GET"]}}],"collection":[{"href":"http:\/\/audioconseil.qc.ca\/index.php\/wp-json\/wp\/v2\/pages"}],"about":[{"href":"http:\/\/audioconseil.qc.ca\/index.php\/wp-json\/wp\/v2\/types\/page"}],"author":[{"embeddable":true,"href":"http:\/\/audioconseil.qc.ca\/index.php\/wp-json\/wp\/v2\/users\/2"}],"replies":[{"embeddable":true,"href":"http:\/\/audioconseil.qc.ca\/index.php\/wp-json\/wp\/v2\/comments?post=31"}],"version-history":[{"count":1,"href":"http:\/\/audioconseil.qc.ca\/index.php\/wp-json\/wp\/v2\/pages\/31\/revisions"}],"predecessor-version":[{"id":123,"href":"http:\/\/audioconseil.qc.ca\/index.php\/wp-json\/wp\/v2\/pages\/31\/revisions\/123"}],"up":[{"embeddable":true,"href":"http:\/\/audioconseil.qc.ca\/index.php\/wp-json\/wp\/v2\/pages\/10"}],"wp:attachment":[{"href":"http:\/\/audioconseil.qc.ca\/index.php\/wp-json\/wp\/v2\/media?parent=31"}],"curies":[{"name":"wp","href":"https:\/\/api.w.org\/{rel}","templated":true}]}}