{"id":12,"date":"2015-05-08T16:18:51","date_gmt":"2015-05-08T20:18:51","guid":{"rendered":"http:\/\/localhost\/audioconseil\/?page_id=12"},"modified":"2015-10-18T18:21:33","modified_gmt":"2015-10-18T22:21:33","slug":"liens-web","status":"publish","type":"page","link":"https:\/\/audioconseil.qc.ca\/index.php\/liens-web\/","title":{"rendered":"Liens web"},"content":{"rendered":"<p style=\"text-align: center;\">Pour informations compl\u00e9mentaires, n&rsquo;h\u00e9sitez pas \u00e0 consulter les sites suivants.<\/p>\n<p><!-- se trouvait apr\u00e8s Audisee.\n\t\n\n<li style=\"text-align: left;\">Audiology Information Network:  <a href=\"http:\/\/www.audiologyinfo.com\" target=\"_blank\">www.audiologyinfo.com<\/a><\/li>\n\n\n--><\/p>\n<ul>\n<li style=\"text-align: left;\">L&rsquo;Ordre des orthophonistes et des audiologistes du Qu\u00e9bec: <a href=\"http:\/\/www.ooaq.qc.ca\" target=\"_blank\">www.ooaq.qc.ca<\/a><\/li>\n<li style=\"text-align: left;\">L&rsquo;Acad\u00e9mie canadienne d&rsquo;audiologie:\u00a0 \u00a0<a href=\"http:\/\/www.canadianaudiology.ca\" target=\"_blank\">www.canadianaudiology.ca<\/a><\/li>\n<li style=\"text-align: left;\">L&rsquo;Association canadienne des orthophonistes et des audiologistes:\u00a0 <a href=\"http:\/\/www.caslpa.ca\" target=\"_blank\"> www.caslpa.ca<\/a><\/li>\n<li style=\"text-align: left;\">Audisee et Technologies Inc: \u00a0<a href=\"http:\/\/www.audisoft.net\" target=\"_blank\">www.audisoft.net<\/a><\/li>\n<li style=\"text-align: left;\">American Academy of Audiology : \u00a0<a href=\"http:\/\/www.audiology.org\" target=\"_blank\">www.audiology.org<\/a><\/li>\n<li style=\"text-align: left;\">Audiology Net : <a href=\"http:\/\/www.audiologynet.com\" target=\"_blank\">www.audiologynet.com<\/a><\/li>\n<li style=\"text-align: left;\">L&rsquo;Institut des Troubles d&rsquo;Apprentissage: <a href=\"http:\/\/www.aqeta.qc.ca\" target=\"_blank\">www.aqeta.qc.ca<\/a><\/li>\n<li style=\"text-align: left;\">R\u00e9f\u00e9rence sur le bruit au Qu\u00e9bec: <a href=\"http:\/\/www.bruitsociete.org\" target=\"_blank\">www.bruitsociete.ca<\/a><\/li>\n<li style=\"text-align: left;\">Probl\u00e8mes d&rsquo;audition centrale: <a href=\"http:\/\/www.kidspeech.com\" target=\"_blank\"> www.kidspeech.com<\/a><\/li>\n<li style=\"text-align: left;\">Acouph\u00e8ne: <a href=\"http:\/\/www.acouphene.com\" target=\"_blank\"> www.acouphene.com<\/a><\/li>\n<li style=\"text-align: left;\">Tinnitus: <a href=\"http:\/\/www.ata.org\" target=\"_blank\">www.ata.org<\/a>\u00a0ou <a href=\"http:\/\/www.tinnitus-pjj.com\" target=\"_blank\">www.tinnitus-pjj.com<\/a><\/li>\n<\/ul>\n<p>&nbsp;<\/p>\n","protected":false},"excerpt":{"rendered":"<p>Pour informations compl\u00e9mentaires, n&rsquo;h\u00e9sitez pas \u00e0 consulter les sites suivants. L&rsquo;Ordre des orthophonistes et des audiologistes du Qu\u00e9bec: www.ooaq.qc.ca L&rsquo;Acad\u00e9mie canadienne d&rsquo;audiologie:\u00a0 \u00a0www.canadianaudiology.ca L&rsquo;Association canadienne des orthophonistes et des audiologistes:\u00a0 www.caslpa.ca Audisee et Technologies Inc: \u00a0www.audisoft.net American Academy of Audiology : \u00a0www.audiology.org Audiology Net : www.audiologynet.com L&rsquo;Institut des Troubles d&rsquo;Apprentissage: www.aqeta.qc.ca R\u00e9f\u00e9rence sur le bruit &hellip; <a href=\"https:\/\/audioconseil.qc.ca\/index.php\/liens-web\/\" class=\"more-link\">Continuer la lecture de <span class=\"screen-reader-text\">Liens web<\/span>  <span class=\"meta-nav\">&rarr;<\/span><\/a><\/p>\n","protected":false},"author":2,"featured_media":0,"parent":0,"menu_order":5,"comment_status":"closed","ping_status":"closed","template":"","meta":{"footnotes":""},"class_list":["post-12","page","type-page","status-publish","hentry"],"_links":{"self":[{"href":"https:\/\/audioconseil.qc.ca\/index.php\/wp-json\/wp\/v2\/pages\/12","targetHints":{"allow":["GET"]}}],"collection":[{"href":"https:\/\/audioconseil.qc.ca\/index.php\/wp-json\/wp\/v2\/pages"}],"about":[{"href":"https:\/\/audioconseil.qc.ca\/index.php\/wp-json\/wp\/v2\/types\/page"}],"author":[{"embeddable":true,"href":"https:\/\/audioconseil.qc.ca\/index.php\/wp-json\/wp\/v2\/users\/2"}],"replies":[{"embeddable":true,"href":"https:\/\/audioconseil.qc.ca\/index.php\/wp-json\/wp\/v2\/comments?post=12"}],"version-history":[{"count":7,"href":"https:\/\/audioconseil.qc.ca\/index.php\/wp-json\/wp\/v2\/pages\/12\/revisions"}],"predecessor-version":[{"id":161,"href":"https:\/\/audioconseil.qc.ca\/index.php\/wp-json\/wp\/v2\/pages\/12\/revisions\/161"}],"wp:attachment":[{"href":"https:\/\/audioconseil.qc.ca\/index.php\/wp-json\/wp\/v2\/media?parent=12"}],"curies":[{"name":"wp","href":"https:\/\/api.w.org\/{rel}","templated":true}]}}