{"id":20,"date":"2015-05-08T16:30:11","date_gmt":"2015-05-08T20:30:11","guid":{"rendered":"http:\/\/localhost\/audioconseil\/?page_id=20"},"modified":"2015-08-24T22:24:07","modified_gmt":"2015-08-25T02:24:07","slug":"les-enfants","status":"publish","type":"page","link":"https:\/\/audioconseil.qc.ca\/index.php\/nos-services\/les-enfants\/","title":{"rendered":"Les enfants"},"content":{"rendered":"<h1>\u00c9valuation pour le jeune enfant<\/h1>\n<p>Audio Conseil offre la possibilit\u00e9 aux parents de faire \u00e9valuer la sensibilit\u00e9 auditive de leur enfant d\u00e8s qu&rsquo;il a atteint l&rsquo;\u00e2ge de 4 \u00e0 6 mois (services pour les moins de 5 ans offerts dans certains points de services). Pour ce faire, nous proc\u00e9dons sous forme de jeux et d&rsquo;observation du comportement \u00e0 un seul ou deux \u00e9valuateurs, selon l&rsquo;\u00e2ge et la collaboration de votre enfant. Notez que le personnel d&rsquo;Audio Conseil a acquis une solide exp\u00e9rience avec cette client\u00e8le.<\/p>\n<p>Pour l&rsquo;examen complet,\u00a0 il en co\u00fbte 100 $ pour l&rsquo;enfant de moins de 5 ans et 80 $ pour l&rsquo;enfant de 5 ans et plus.\u00a0 Ce prix inclut une anamn\u00e8se, un rapport remis sur place, l&rsquo;examen tonal et vocal (sons et voix) selon l&rsquo;\u00e2ge des enfants et un examen imp\u00e9dancem\u00e9trique (permet de v\u00e9rifier le mouvement du tympan et des osselets).\u00a0 Comme tous les services d&rsquo;Audio Conseil, ce montant \u00e9quivaut \u00e0 un forfait et n&rsquo;est donc pas influenc\u00e9 par le nombre d&rsquo;\u00e9valuateurs participant \u00e0 l&rsquo;examen.<\/p>\n<h1>M\u00e9thodes d&rsquo;\u00e9valuation :<\/h1>\n<ul>\n<ul>\n<li><strong>Observation du comportement <\/strong>(\u00e0 partir de l&rsquo;\u00e2ge de 4 \u00e0 6 mois).<\/li>\n<li><strong>Conditionnement visuel<\/strong> (de 4 \u00e0 24 mois environ):<br \/>\nOn montre \u00e0 l&rsquo;enfant que des \u00a0\u00bb toutous \u00a0\u00bb s&rsquo;animent lors de la pr\u00e9sentation d&rsquo;un son.\u00a0 Il associe le son \u00e0 l&rsquo;apparition des toutous. Rapidement, il va tourner la t\u00eate pour les regarder en entendant un son.\u00a0 Nous pouvons donc v\u00e9rifier les sons qu&rsquo;il entend et ceux qu&rsquo;il n&rsquo;entend pas.<\/li>\n<li><strong>Conditionnement par le jeu<\/strong> (de 2 \u00e0 7 ans environ):<br \/>\nOn montre \u00e0 l&rsquo;enfant \u00e0 poser un geste lorsqu&rsquo;il entend. Exemple : mettre un morceau de casse-t\u00eate \u00e0 l&rsquo;apparition d&rsquo;un son. On peut alors facilement voir les sons qu&rsquo;il entend et les sons qu&rsquo;il ne per\u00e7oit pas.<\/li>\n<\/ul>\n<\/ul>\n<p>De plus, les audiologistes d&rsquo;Audio Conseil offrent l&rsquo;\u00e9valuation des troubles d&rsquo;<a href=\"http:\/\/audioconseil.qc.ca\/index.php\/nos-services\/audition-centrale\/\"><span style=\"color: #993300;\">audition centrale<\/span> <\/a>(maintenant appel\u00e9 troubles du traitement auditif).<\/p>\n","protected":false},"excerpt":{"rendered":"<p>\u00c9valuation pour le jeune enfant Audio Conseil offre la possibilit\u00e9 aux parents de faire \u00e9valuer la sensibilit\u00e9 auditive de leur enfant d\u00e8s qu&rsquo;il a atteint l&rsquo;\u00e2ge de 4 \u00e0 6 mois (services pour les moins de 5 ans offerts dans certains points de services). Pour ce faire, nous proc\u00e9dons sous forme de jeux et d&rsquo;observation &hellip; <a href=\"https:\/\/audioconseil.qc.ca\/index.php\/nos-services\/les-enfants\/\" class=\"more-link\">Continuer la lecture de <span class=\"screen-reader-text\">Les enfants<\/span>  <span class=\"meta-nav\">&rarr;<\/span><\/a><\/p>\n","protected":false},"author":2,"featured_media":0,"parent":10,"menu_order":1,"comment_status":"closed","ping_status":"closed","template":"","meta":{"footnotes":""},"class_list":["post-20","page","type-page","status-publish","hentry"],"_links":{"self":[{"href":"https:\/\/audioconseil.qc.ca\/index.php\/wp-json\/wp\/v2\/pages\/20","targetHints":{"allow":["GET"]}}],"collection":[{"href":"https:\/\/audioconseil.qc.ca\/index.php\/wp-json\/wp\/v2\/pages"}],"about":[{"href":"https:\/\/audioconseil.qc.ca\/index.php\/wp-json\/wp\/v2\/types\/page"}],"author":[{"embeddable":true,"href":"https:\/\/audioconseil.qc.ca\/index.php\/wp-json\/wp\/v2\/users\/2"}],"replies":[{"embeddable":true,"href":"https:\/\/audioconseil.qc.ca\/index.php\/wp-json\/wp\/v2\/comments?post=20"}],"version-history":[{"count":1,"href":"https:\/\/audioconseil.qc.ca\/index.php\/wp-json\/wp\/v2\/pages\/20\/revisions"}],"predecessor-version":[{"id":122,"href":"https:\/\/audioconseil.qc.ca\/index.php\/wp-json\/wp\/v2\/pages\/20\/revisions\/122"}],"up":[{"embeddable":true,"href":"https:\/\/audioconseil.qc.ca\/index.php\/wp-json\/wp\/v2\/pages\/10"}],"wp:attachment":[{"href":"https:\/\/audioconseil.qc.ca\/index.php\/wp-json\/wp\/v2\/media?parent=20"}],"curies":[{"name":"wp","href":"https:\/\/api.w.org\/{rel}","templated":true}]}}