{"id":29,"date":"2015-05-08T16:36:08","date_gmt":"2015-05-08T20:36:08","guid":{"rendered":"http:\/\/localhost\/audioconseil\/?page_id=29"},"modified":"2015-08-24T22:23:54","modified_gmt":"2015-08-25T02:23:54","slug":"industrie","status":"publish","type":"page","link":"https:\/\/audioconseil.qc.ca\/index.php\/nos-services\/industrie\/","title":{"rendered":"Industrie"},"content":{"rendered":"<h1>La clinique industrielle<\/h1>\n<p>En raison de l&rsquo;expertise de ses audiologistes et avec la collaboration de plusieurs autres intervenants compl\u00e9mentaires, AUDIO CONSEIL met \u00e0 la disposition de sa client\u00e8le industrielle un vaste choix d&rsquo;outils pouvant aider \u00e0 mieux g\u00e9rer la probl\u00e9matique du bruit en milieu de travail.<\/p>\n<h3>\u00c0 QUI S&rsquo;ADRESSE CE SERVICE?<\/h3>\n<p>Toute entreprise, groupe de travailleurs ou travailleur qui d\u00e9sire \u00e9valuer ou trouver des solutions concernant la probl\u00e9matique du bruit en industrie.<\/p>\n<h3>QUELS SERVICES OFFRONS-NOUS?<\/h3>\n<ul>\n<li>La mesure de l&rsquo;audition \u00e0 nos locaux ou directement sur les lieux de travail gr\u00e2ce \u00e0 notre mat\u00e9riel mobile. Cette d\u00e9marche peut \u00eatre effectu\u00e9e soit dans le cadre de bilan individuel ou dans le cadre d&rsquo;un bilan collectif de l&rsquo;entreprise<\/li>\n<li>L&rsquo;expertise n\u00e9cessaire \u00e0 l&rsquo;\u00e9laboration des dossiers CSST<\/li>\n<li>Diff\u00e9rents ateliers s&rsquo;adressant sp\u00e9cifiquement aux travailleurs pr\u00e9sentant des situations de handicap d&rsquo;origine professionnelle<\/li>\n<li>Un service professionnel d&rsquo;avis l\u00e9gal et\/ou juridique<\/li>\n<\/ul>\n","protected":false},"excerpt":{"rendered":"<p>La clinique industrielle En raison de l&rsquo;expertise de ses audiologistes et avec la collaboration de plusieurs autres intervenants compl\u00e9mentaires, AUDIO CONSEIL met \u00e0 la disposition de sa client\u00e8le industrielle un vaste choix d&rsquo;outils pouvant aider \u00e0 mieux g\u00e9rer la probl\u00e9matique du bruit en milieu de travail. \u00c0 QUI S&rsquo;ADRESSE CE SERVICE? Toute entreprise, groupe de &hellip; <a href=\"https:\/\/audioconseil.qc.ca\/index.php\/nos-services\/industrie\/\" class=\"more-link\">Continuer la lecture de <span class=\"screen-reader-text\">Industrie<\/span>  <span class=\"meta-nav\">&rarr;<\/span><\/a><\/p>\n","protected":false},"author":2,"featured_media":0,"parent":10,"menu_order":4,"comment_status":"closed","ping_status":"closed","template":"","meta":{"footnotes":""},"class_list":["post-29","page","type-page","status-publish","hentry"],"_links":{"self":[{"href":"https:\/\/audioconseil.qc.ca\/index.php\/wp-json\/wp\/v2\/pages\/29","targetHints":{"allow":["GET"]}}],"collection":[{"href":"https:\/\/audioconseil.qc.ca\/index.php\/wp-json\/wp\/v2\/pages"}],"about":[{"href":"https:\/\/audioconseil.qc.ca\/index.php\/wp-json\/wp\/v2\/types\/page"}],"author":[{"embeddable":true,"href":"https:\/\/audioconseil.qc.ca\/index.php\/wp-json\/wp\/v2\/users\/2"}],"replies":[{"embeddable":true,"href":"https:\/\/audioconseil.qc.ca\/index.php\/wp-json\/wp\/v2\/comments?post=29"}],"version-history":[{"count":1,"href":"https:\/\/audioconseil.qc.ca\/index.php\/wp-json\/wp\/v2\/pages\/29\/revisions"}],"predecessor-version":[{"id":133,"href":"https:\/\/audioconseil.qc.ca\/index.php\/wp-json\/wp\/v2\/pages\/29\/revisions\/133"}],"up":[{"embeddable":true,"href":"https:\/\/audioconseil.qc.ca\/index.php\/wp-json\/wp\/v2\/pages\/10"}],"wp:attachment":[{"href":"https:\/\/audioconseil.qc.ca\/index.php\/wp-json\/wp\/v2\/media?parent=29"}],"curies":[{"name":"wp","href":"https:\/\/api.w.org\/{rel}","templated":true}]}}